{"id":24,"date":"2018-03-03T16:30:54","date_gmt":"2018-03-03T15:30:54","guid":{"rendered":"http:\/\/asociaciatzz.sk\/?page_id=24"},"modified":"2026-02-23T19:17:11","modified_gmt":"2026-02-23T18:17:11","slug":"kontakty","status":"publish","type":"page","link":"https:\/\/asociaciatzz.sk\/?page_id=24","title":{"rendered":"Kontakty"},"content":{"rendered":"<h4 style=\"text-align: center;\"><strong>Kontakty na \u010dlenov predsedn\u00edctva<\/strong><br \/>\n<strong>Asoci\u00e1cie technikov zdv\u00edhac\u00edch a manipula\u010dn\u00fdch\u00a0 zariaden\u00ed (ATZaMZ)<\/strong><br \/>\n<strong>Za z\u00e1hradami 677\/47 Stre\u010dno 013 24<\/strong><\/h4>\n<p><strong>1. Ing. Rastislav KADA\u0160I, \u0160ARK, s.r.o. predseda a \u0161tatut\u00e1r ATZaMZ rev\u00edzny technik ZZ Stre\u010dno<\/strong><br \/>\n&#8211; Mobil: 0905 494 954<br \/>\n&#8211; E-mail: asociaciatzamz@gmail.com<\/p>\n<p style=\"text-align: left;\"><strong>2. Vladim\u00edr HALAGAN, VH Servis \u2013 Vladim\u00edr HALAGAN, rev\u00edzny technik ZZ, Snina<\/strong><br \/>\n&#8211; Mobil: 0905 238 516<br \/>\n&#8211; Tel: 057 762 3541<br \/>\n&#8211; E-mail: halagan.vladimir@belnet.sk<\/p>\n<p><strong>3. Ing. Filip Martinka\u00a0 Safety\u00a0 Group SK, s. r. o.\u00a0 \u00a0 \u00a0rev\u00edzny technik ZZ<\/strong><\/p>\n<p>&#8211; Mobil:\u00a0 0915 993 909<\/p>\n<p>&#8211; E-mail:\u00a0 fmartinkabm@gmail.com<\/p>\n<p><strong>4. Bc. Roman \u010eubek\u00a0 MAROTECH s.r.o.\u00a0 \u00a0 rev\u00edzny technik ZZ<\/strong><\/p>\n<p>&#8211; Mobil : 0904 663 221<\/p>\n<p>&#8211; E-mail:\u00a0 roman.dubek@gmail.com<\/p>\n<p><strong>5. Hakala Ladislav\u00a0 \u00a0RO\u0160 spol. s r. o., rev\u00edzny technik ZZ<\/strong><\/p>\n<p>&#8211; E-mail: ladislav@rosprofi.sk<\/p>\n<p>&#8211; Mobil :\u00a0 \u00a00903658407<\/p>\n<p style=\"text-align: center;\">\u00da\u010det zalo\u017een\u00fd d\u0148a 5. 5. 2017.<br \/>\nI\u010cO: 50695886<br \/>\nTatrabanka, a.s. \u2013 pobo\u010dka \u017dilina<br \/>\nIBAN: SK39 1100 0000 0029 4803 8643<\/p>\n<p style=\"text-align: center;\">\n","protected":false},"excerpt":{"rendered":"<p>Kontakty na \u010dlenov predsedn\u00edctva Asoci\u00e1cie technikov zdv\u00edhac\u00edch a manipula\u010dn\u00fdch\u00a0 zariaden\u00ed (ATZaMZ) Za z\u00e1hradami 677\/47 Stre\u010dno 013 24 1. Ing. Rastislav&hellip;<\/p>\n","protected":false},"author":1,"featured_media":0,"parent":0,"menu_order":0,"comment_status":"closed","ping_status":"closed","template":"","meta":{"footnotes":""},"class_list":["post-24","page","type-page","status-publish","hentry"],"_links":{"self":[{"href":"https:\/\/asociaciatzz.sk\/index.php?rest_route=\/wp\/v2\/pages\/24","targetHints":{"allow":["GET"]}}],"collection":[{"href":"https:\/\/asociaciatzz.sk\/index.php?rest_route=\/wp\/v2\/pages"}],"about":[{"href":"https:\/\/asociaciatzz.sk\/index.php?rest_route=\/wp\/v2\/types\/page"}],"author":[{"embeddable":true,"href":"https:\/\/asociaciatzz.sk\/index.php?rest_route=\/wp\/v2\/users\/1"}],"replies":[{"embeddable":true,"href":"https:\/\/asociaciatzz.sk\/index.php?rest_route=%2Fwp%2Fv2%2Fcomments&post=24"}],"version-history":[{"count":8,"href":"https:\/\/asociaciatzz.sk\/index.php?rest_route=\/wp\/v2\/pages\/24\/revisions"}],"predecessor-version":[{"id":336,"href":"https:\/\/asociaciatzz.sk\/index.php?rest_route=\/wp\/v2\/pages\/24\/revisions\/336"}],"wp:attachment":[{"href":"https:\/\/asociaciatzz.sk\/index.php?rest_route=%2Fwp%2Fv2%2Fmedia&parent=24"}],"curies":[{"name":"wp","href":"https:\/\/api.w.org\/{rel}","templated":true}]}}