{"id":22,"date":"2018-03-03T16:30:39","date_gmt":"2018-03-03T15:30:39","guid":{"rendered":"http:\/\/asociaciatzz.sk\/?page_id=22"},"modified":"2026-02-25T12:16:13","modified_gmt":"2026-02-25T11:16:13","slug":"galeria","status":"publish","type":"page","link":"https:\/\/asociaciatzz.sk\/?page_id=22","title":{"rendered":"Gal\u00e9ria"},"content":{"rendered":"\t\t<div data-elementor-type=\"wp-page\" data-elementor-id=\"22\" class=\"elementor elementor-22\">\n\t\t\t\t<div class=\"elementor-element elementor-element-ce9271c e-flex e-con-boxed e-con e-parent\" data-id=\"ce9271c\" data-element_type=\"container\" data-e-type=\"container\">\n\t\t\t\t\t<div class=\"e-con-inner\">\n\t\t\t\t<div class=\"elementor-element elementor-element-56eceec elementor-widget elementor-widget-heading\" data-id=\"56eceec\" data-element_type=\"widget\" data-e-type=\"widget\" data-widget_type=\"heading.default\">\n\t\t\t\t\t<h2 class=\"elementor-heading-title elementor-size-default\">1. ro\u010dn\u00edk \u010ceskoslovenskej konferencie pracovn\u00edkov z oblasti zdvihac\u00edch zaiaden\u00ed  \n20-21.3.2025 Tatransk\u00e1 Lomnica <\/h2>\t\t\t\t<\/div>\n\t\t\t\t<div class=\"elementor-element elementor-element-02b48de elementor-widget elementor-widget-video\" data-id=\"02b48de\" data-element_type=\"widget\" data-e-type=\"widget\" data-settings=\"{&quot;youtube_url&quot;:&quot;https:\\\/\\\/www.youtube.com\\\/watch?v=zRd44zRi5V4&quot;,&quot;autoplay&quot;:&quot;yes&quot;,&quot;video_type&quot;:&quot;youtube&quot;,&quot;controls&quot;:&quot;yes&quot;}\" data-widget_type=\"video.default\">\n\t\t\t\t\t\t\t<div class=\"elementor-wrapper elementor-open-inline\">\n\t\t\t<div class=\"elementor-video\"><\/div>\t\t<\/div>\n\t\t\t\t\t\t<\/div>\n\t\t\t\t\t<\/div>\n\t\t\t\t<\/div>\n\t\t<div class=\"elementor-element elementor-element-437ceb58 e-flex e-con-boxed e-con e-parent\" data-id=\"437ceb58\" data-element_type=\"container\" data-e-type=\"container\">\n\t\t\t\t\t<div class=\"e-con-inner\">\n\t\t\t\t<div class=\"elementor-element elementor-element-3292c65f elementor-widget elementor-widget-text-editor\" data-id=\"3292c65f\" data-element_type=\"widget\" data-e-type=\"widget\" data-widget_type=\"text-editor.default\">\n\t\t\t\t\t\t\t\t\t<h4>Odborn\u00fd semin\u00e1r &#8211; Star\u00e1 Lesn\u00e1 22-23.3.2018<\/h4>\n<img fetchpriority=\"high\" decoding=\"async\" class=\"alignnone  wp-image-139\" src=\"https:\/\/asociaciatzz.sk\/wp-content\/uploads\/2018\/12\/20180322_0958561-300x225.jpg\" alt=\"\" width=\"371\" height=\"278\" srcset=\"https:\/\/asociaciatzz.sk\/wp-content\/uploads\/2018\/12\/20180322_0958561-300x225.jpg 300w, https:\/\/asociaciatzz.sk\/wp-content\/uploads\/2018\/12\/20180322_0958561-768x576.jpg 768w, https:\/\/asociaciatzz.sk\/wp-content\/uploads\/2018\/12\/20180322_0958561.jpg 1024w\" sizes=\"(max-width: 371px) 100vw, 371px\" \/>\n\n<img decoding=\"async\" class=\"alignnone  wp-image-140\" src=\"https:\/\/asociaciatzz.sk\/wp-content\/uploads\/2018\/12\/20180322_0959251-300x225.jpg\" alt=\"\" width=\"372\" height=\"279\" srcset=\"https:\/\/asociaciatzz.sk\/wp-content\/uploads\/2018\/12\/20180322_0959251-300x225.jpg 300w, https:\/\/asociaciatzz.sk\/wp-content\/uploads\/2018\/12\/20180322_0959251-768x576.jpg 768w, https:\/\/asociaciatzz.sk\/wp-content\/uploads\/2018\/12\/20180322_0959251.jpg 1024w\" sizes=\"(max-width: 372px) 100vw, 372px\" \/>\n<h4>Odborn\u00fd semin\u00e1r &#8211; Nov\u00fd Smokovec &#8211; 4\/2017<\/h4>\n<img decoding=\"async\" class=\"alignnone  wp-image-157\" src=\"https:\/\/asociaciatzz.sk\/wp-content\/uploads\/2018\/12\/IMG_0219-e1544048731683-200x300.jpg\" alt=\"\" width=\"376\" height=\"564\" srcset=\"https:\/\/asociaciatzz.sk\/wp-content\/uploads\/2018\/12\/IMG_0219-e1544048731683-200x300.jpg 200w, https:\/\/asociaciatzz.sk\/wp-content\/uploads\/2018\/12\/IMG_0219-e1544048731683-768x1152.jpg 768w, https:\/\/asociaciatzz.sk\/wp-content\/uploads\/2018\/12\/IMG_0219-e1544048731683-683x1024.jpg 683w, https:\/\/asociaciatzz.sk\/wp-content\/uploads\/2018\/12\/IMG_0219-e1544048731683-1600x2400.jpg 1600w\" sizes=\"(max-width: 376px) 100vw, 376px\" \/>\u00a0\u00a0 <img loading=\"lazy\" decoding=\"async\" class=\"alignnone  wp-image-156\" src=\"https:\/\/asociaciatzz.sk\/wp-content\/uploads\/2018\/12\/IMG_0218-1024x683.jpg\" alt=\"\" width=\"505\" height=\"337\" srcset=\"https:\/\/asociaciatzz.sk\/wp-content\/uploads\/2018\/12\/IMG_0218-1024x683.jpg 1024w, https:\/\/asociaciatzz.sk\/wp-content\/uploads\/2018\/12\/IMG_0218-300x200.jpg 300w, https:\/\/asociaciatzz.sk\/wp-content\/uploads\/2018\/12\/IMG_0218-768x512.jpg 768w, https:\/\/asociaciatzz.sk\/wp-content\/uploads\/2018\/12\/IMG_0218-1600x1067.jpg 1600w\" sizes=\"(max-width: 505px) 100vw, 505px\" \/>\n\n&nbsp;\n\n&nbsp;\n\n&nbsp;\n\n&nbsp;\t\t\t\t\t\t\t\t<\/div>\n\t\t\t\t\t<\/div>\n\t\t\t\t<\/div>\n\t\t\t\t<\/div>\n\t\t","protected":false},"excerpt":{"rendered":"<p>1. ro\u010dn\u00edk \u010ceskoslovenskej konferencie pracovn\u00edkov z oblasti zdvihac\u00edch zaiaden\u00ed 20-21.3.2025 Tatransk\u00e1 Lomnica https:\/\/www.youtube.com\/watch?v=zRd44zRi5V4 Odborn\u00fd semin\u00e1r &#8211; Star\u00e1 Lesn\u00e1 22-23.3.2018 Odborn\u00fd&hellip;<\/p>\n","protected":false},"author":1,"featured_media":0,"parent":0,"menu_order":0,"comment_status":"closed","ping_status":"closed","template":"","meta":{"footnotes":""},"class_list":["post-22","page","type-page","status-publish","hentry"],"_links":{"self":[{"href":"https:\/\/asociaciatzz.sk\/index.php?rest_route=\/wp\/v2\/pages\/22","targetHints":{"allow":["GET"]}}],"collection":[{"href":"https:\/\/asociaciatzz.sk\/index.php?rest_route=\/wp\/v2\/pages"}],"about":[{"href":"https:\/\/asociaciatzz.sk\/index.php?rest_route=\/wp\/v2\/types\/page"}],"author":[{"embeddable":true,"href":"https:\/\/asociaciatzz.sk\/index.php?rest_route=\/wp\/v2\/users\/1"}],"replies":[{"embeddable":true,"href":"https:\/\/asociaciatzz.sk\/index.php?rest_route=%2Fwp%2Fv2%2Fcomments&post=22"}],"version-history":[{"count":10,"href":"https:\/\/asociaciatzz.sk\/index.php?rest_route=\/wp\/v2\/pages\/22\/revisions"}],"predecessor-version":[{"id":346,"href":"https:\/\/asociaciatzz.sk\/index.php?rest_route=\/wp\/v2\/pages\/22\/revisions\/346"}],"wp:attachment":[{"href":"https:\/\/asociaciatzz.sk\/index.php?rest_route=%2Fwp%2Fv2%2Fmedia&parent=22"}],"curies":[{"name":"wp","href":"https:\/\/api.w.org\/{rel}","templated":true}]}}