{"id":144,"date":"2018-12-03T19:10:49","date_gmt":"2018-12-03T18:10:49","guid":{"rendered":"http:\/\/asociaciatzz.sk\/?page_id=144"},"modified":"2018-12-03T19:12:36","modified_gmt":"2018-12-03T18:12:36","slug":"dolezite-odkazy","status":"publish","type":"page","link":"https:\/\/asociaciatzz.sk\/?page_id=144","title":{"rendered":"D\u00f4le\u017eit\u00e9 odkazy"},"content":{"rendered":"<p><a href=\"http:\/\/www.employment.gov.sk\/sk\" target=\"_blank\" rel=\"noopener\">http:\/\/www.employment.gov.sk\/sk<\/a>\u00a0\u00a0\u00a0 ** Ministerstvo pr\u00e1ce, socialn\u00fdch vec\u00ed a rodiny SR<br \/>\n<a href=\"https:\/\/www.ip.gov.sk\" target=\"_blank\" rel=\"noopener\">https:\/\/www.ip.gov.sk<\/a>\u00a0\u00a0\u00a0\u00a0\u00a0\u00a0\u00a0\u00a0\u00a0\u00a0\u00a0\u00a0\u00a0\u00a0\u00a0\u00a0\u00a0\u00a0\u00a0\u00a0\u00a0\u00a0\u00a0 ** N\u00e1rodn\u00fd in\u0161pektorat pr\u00e1ce Ko\u0161ice<br \/>\n<a href=\"https:\/\/www.tisr.sk\" target=\"_blank\" rel=\"noopener\">https:\/\/www.tisr.sk<\/a>\u00a0\u00a0\u00a0\u00a0\u00a0\u00a0\u00a0\u00a0\u00a0\u00a0\u00a0\u00a0\u00a0\u00a0\u00a0\u00a0\u00a0\u00a0\u00a0\u00a0\u00a0\u00a0\u00a0\u00a0\u00a0\u00a0\u00a0\u00a0 ** Technick\u00e1 in\u0161pekcia a.s.<br \/>\n<a href=\"https:\/\/www.sutn.sk\" target=\"_blank\" rel=\"noopener\">https:\/\/www.sutn.sk<\/a>\u00a0\u00a0\u00a0\u00a0\u00a0\u00a0\u00a0\u00a0\u00a0\u00a0\u00a0\u00a0\u00a0\u00a0\u00a0\u00a0\u00a0\u00a0\u00a0\u00a0\u00a0\u00a0\u00a0\u00a0\u00a0\u00a0 ** \u00darad pre normaliz\u00e1ciu, metrol\u00f3giu a sk\u00fa\u0161obn\u00edctvo<br \/>\n<a href=\"https:\/\/www.slov-lex.sk\/domov\" target=\"_blank\" rel=\"noopener\">https:\/\/www.slov-lex.sk\/domov<\/a>\u00a0\u00a0\u00a0\u00a0\u00a0\u00a0\u00a0\u00a0\u00a0 ** Pr\u00e1vny a inform\u010dn\u00fd port\u00e1l-legislat\u00edva<\/p>\n","protected":false},"excerpt":{"rendered":"<p>http:\/\/www.employment.gov.sk\/sk\u00a0\u00a0\u00a0 ** Ministerstvo pr\u00e1ce, socialn\u00fdch vec\u00ed a rodiny SR https:\/\/www.ip.gov.sk\u00a0\u00a0\u00a0\u00a0\u00a0\u00a0\u00a0\u00a0\u00a0\u00a0\u00a0\u00a0\u00a0\u00a0\u00a0\u00a0\u00a0\u00a0\u00a0\u00a0\u00a0\u00a0\u00a0 ** N\u00e1rodn\u00fd in\u0161pektorat pr\u00e1ce Ko\u0161ice https:\/\/www.tisr.sk\u00a0\u00a0\u00a0\u00a0\u00a0\u00a0\u00a0\u00a0\u00a0\u00a0\u00a0\u00a0\u00a0\u00a0\u00a0\u00a0\u00a0\u00a0\u00a0\u00a0\u00a0\u00a0\u00a0\u00a0\u00a0\u00a0\u00a0\u00a0 ** Technick\u00e1 in\u0161pekcia a.s.&hellip;<\/p>\n","protected":false},"author":2,"featured_media":0,"parent":0,"menu_order":0,"comment_status":"closed","ping_status":"closed","template":"","meta":{"footnotes":""},"class_list":["post-144","page","type-page","status-publish","hentry"],"_links":{"self":[{"href":"https:\/\/asociaciatzz.sk\/index.php?rest_route=\/wp\/v2\/pages\/144","targetHints":{"allow":["GET"]}}],"collection":[{"href":"https:\/\/asociaciatzz.sk\/index.php?rest_route=\/wp\/v2\/pages"}],"about":[{"href":"https:\/\/asociaciatzz.sk\/index.php?rest_route=\/wp\/v2\/types\/page"}],"author":[{"embeddable":true,"href":"https:\/\/asociaciatzz.sk\/index.php?rest_route=\/wp\/v2\/users\/2"}],"replies":[{"embeddable":true,"href":"https:\/\/asociaciatzz.sk\/index.php?rest_route=%2Fwp%2Fv2%2Fcomments&post=144"}],"version-history":[{"count":4,"href":"https:\/\/asociaciatzz.sk\/index.php?rest_route=\/wp\/v2\/pages\/144\/revisions"}],"predecessor-version":[{"id":148,"href":"https:\/\/asociaciatzz.sk\/index.php?rest_route=\/wp\/v2\/pages\/144\/revisions\/148"}],"wp:attachment":[{"href":"https:\/\/asociaciatzz.sk\/index.php?rest_route=%2Fwp%2Fv2%2Fmedia&parent=144"}],"curies":[{"name":"wp","href":"https:\/\/api.w.org\/{rel}","templated":true}]}}